{"id":170,"date":"2013-11-28T18:10:14","date_gmt":"2013-11-29T00:10:14","guid":{"rendered":"http:\/\/hylapviet.timhieuthanhkinh.net\/?page_id=170"},"modified":"2019-12-31T02:56:05","modified_gmt":"2019-12-31T02:56:05","slug":"chao-mung","status":"publish","type":"page","link":"https:\/\/threesixteenfamily.com\/greek\/chao-mung\/","title":{"rendered":"* Ch\u00e0o M\u1eebng"},"content":{"rendered":"<p>&nbsp;<\/p>\n<p style=\"text-align: justify;\"><strong><span style=\"color: #333333;\">Ch\u00e0o m\u1eebng qu\u00fd b\u1ea1n\u00a0\u0111\u1ecdc,<\/span><\/strong><\/p>\n<p style=\"text-align: justify;\"><span style=\"color: #333333;\">Khu m\u1ea1ng (web site) &#8220;Hy-l\u1ea1p Vi\u1ec7t T\u1eeb\u00a0\u0110i\u1ec3n&#8221; l\u00e0 n\u01a1i gi\u00fap qu\u00fd b\u1ea1n tra t\u00ecm\u00a0\u00fd ngh\u0129a c\u00e1c t\u1eeb ng\u1eef Hy-l\u1ea1p trong\u00a0Th\u00e1nh Kinh. Ch\u00fang t\u00f4i th\u1ef1c hi\u1ec7n khu m\u1ea1ng n\u00e0y trong khi l\u00e0m c\u00f4ng t\u00e1c phi\u00ean d\u1ecbch\u00a0Th\u00e1nh Kinh\u00a0T\u00e2n \u01af\u1edbc, B\u1ea3n D\u1ecbch 2016 v\u00e0 B\u1ea3n D\u1ecbch Ng\u00f4i L\u1eddi.<\/span><\/p>\n<p style=\"text-align: justify;\"><span style=\"color: #333333;\">\u0110\u1ec3 tra t\u00ecm m\u1ed9t t\u1eeb ng\u1eef\u00a0Hy-l\u1ea1p, xin qu\u00fd b\u1ea1n g\u00f5 <strong>m\u00e3 s\u1ed1 Strong<\/strong> c\u1ee7a t\u1eeb ng\u1eef\u00a0\u1ea5y v\u00e0o trong khung [<strong>T\u00ecm Ki\u1ebfm Tr\u00ean Trang n\u00e0y<\/strong>] b\u00ean ph\u1ea3i trang n\u00e0y r\u1ed3i nh\u1ea5n ph\u00edm [<strong>Enter<\/strong>] tr\u00ean b\u00e0n ph\u00edm ch\u1eef ho\u1eb7c b\u1ea5m chu\u1ed9t v\u00e0o h\u00ecnh k\u00ednh l\u00fap b\u00ean ph\u1ea3i khung [<strong>T\u00ecm Ki\u1ebfm Tr\u00ean Trang N\u00e0y<\/strong>].<\/span><\/p>\n<p style=\"text-align: justify;\"><span style=\"color: #333333;\">M\u00e3 s\u1ed1 Strong c\u1ee7a c\u00e1c t\u1eeb ng\u1eef\u00a0Hy-l\u1ea1p trong\u00a0Th\u00e1nh Kinh\u00a0T\u00e2n \u01af\u1edbc b\u1eaft\u00a0\u0111\u1ea7u t\u1eeb G0001\u00a0\u0111\u1ebfn G5624. Qu\u00fd b\u1ea1n c\u0169ng c\u00f3 th\u1ec3 b\u1ea5m v\u00e0o m\u00e3 s\u1ed1 Strong&#8217;s trong ph\u1ea7n <strong>M\u1ee5c L\u1ee5c<\/strong> b\u00ean c\u1ea1nh.<\/span><\/p>\n<p style=\"text-align: justify;\"><span style=\"color: #333333;\">C\u00f4ng vi\u1ec7c bi\u00ean so\u1ea1n khu m\u1ea1ng n\u00e0y ch\u1ec9 \u0111\u01b0\u1ee3c ti\u1ebfn h\u00e0nh khi ch\u00fang t\u00f4i c\u00f3 th\u1ec3 nh\u00edn ra ph\u1ea7n n\u00e0o th\u1eddi gian l\u00e0m vi\u1ec7c, n\u00ean r\u1ea5t c\u00f3 th\u1ec3, \u0111\u1ebfn sau khi ph\u1ea7n phi\u00ean d\u1ecbch T\u00e2n \u01af\u1edbc \u0111\u01b0\u1ee3c ho\u00e0n t\u1ea5t, th\u00ec th\u00eam m\u1ed9t th\u1eddi gian sau \u0111\u00f3, khu m\u1ea1ng n\u00e0y m\u1edbi c\u00f3 \u0111\u1ee7 5624 t\u1eeb Hy-l\u1ea1p.<\/span><\/p>\n<p style=\"text-align: justify;\"><span style=\"color: #333333;\">Ch\u00fang t\u00f4i mong r\u1eb1ng qu\u00fd b\u1ea1n s\u1ebd c\u00f3\u00a0\u0111\u01b0\u1ee3c nh\u1eefng gi\u00e2y ph\u00fat h\u1ecdc L\u1eddi Ch\u00faa th\u1eadt l\u00e0 tuy\u1ec7t v\u1eddi qua s\u1ef1 tr\u1ee3 gi\u00fap c\u1ee7a khu m\u1ea1ng n\u00e0y. N\u1ebfu qu\u00fd b\u1ea1n b\u1eaft g\u1eb7p l\u1ed7i ch\u00ednh t\u1ea3 hay b\u1ecb tr\u1edf ng\u1ea1i k\u1ef9 thu\u1eadt, xin vui l\u00f2ng email cho ch\u00fang t\u00f4i:<\/span><\/p>\n<p><span style=\"color: #333333;\"><a style=\"color: #333333;\" href=\"http:\/\/timhieuthanhkinh.net\/?page_id=30\" target=\"_blank\" rel=\"noopener noreferrer\"><span style=\"color: #3366ff;\">http:\/\/timhieuthanhkinh.net\/?page_id=30<\/span><\/a><\/span><\/p>\n<p style=\"text-align: justify;\"><span style=\"color: #333333;\">Xin c\u00e1m \u01a1n qu\u00fd b\u1ea1n.<\/span><\/p>\n<p style=\"text-align: justify;\"><span style=\"color: #333333;\">Trong \u00e2n \u0111i\u1ec3n c\u1ee7a \u0110\u1ee9c Ch\u00faa Jesus Christ.<\/span><\/p>\n<p style=\"text-align: justify;\"><strong><span style=\"color: #333333;\">Pastor Hu\u1ef3nh Christian Timothy<\/span><\/strong><br \/>\n<span style=\"color: #333333;\"><strong>Hu\u1ef3nh Christian Priscilla<\/strong><br \/>\n<\/span><\/p>\n","protected":false},"excerpt":{"rendered":"<p>&nbsp; Ch\u00e0o m\u1eebng qu\u00fd b\u1ea1n\u00a0\u0111\u1ecdc, Khu m\u1ea1ng (web site) &#8220;Hy-l\u1ea1p Vi\u1ec7t T\u1eeb\u00a0\u0110i\u1ec3n&#8221; l\u00e0 n\u01a1i gi\u00fap qu\u00fd b\u1ea1n tra t\u00ecm\u00a0\u00fd ngh\u0129a c\u00e1c t\u1eeb ng\u1eef Hy-l\u1ea1p trong\u00a0Th\u00e1nh Kinh. Ch\u00fang t\u00f4i th\u1ef1c hi\u1ec7n <a class=\"more-link\" href=\"https:\/\/threesixteenfamily.com\/greek\/chao-mung\/\">\u0110\u1ecdc Ti\u1ebfp \u2192<\/a><\/p>\n","protected":false},"author":1,"featured_media":0,"parent":0,"menu_order":0,"comment_status":"closed","ping_status":"closed","template":"","meta":{"footnotes":""},"class_list":["post-170","page","type-page","status-publish","hentry"],"_links":{"self":[{"href":"https:\/\/threesixteenfamily.com\/greek\/wp-json\/wp\/v2\/pages\/170","targetHints":{"allow":["GET"]}}],"collection":[{"href":"https:\/\/threesixteenfamily.com\/greek\/wp-json\/wp\/v2\/pages"}],"about":[{"href":"https:\/\/threesixteenfamily.com\/greek\/wp-json\/wp\/v2\/types\/page"}],"author":[{"embeddable":true,"href":"https:\/\/threesixteenfamily.com\/greek\/wp-json\/wp\/v2\/users\/1"}],"replies":[{"embeddable":true,"href":"https:\/\/threesixteenfamily.com\/greek\/wp-json\/wp\/v2\/comments?post=170"}],"version-history":[{"count":6,"href":"https:\/\/threesixteenfamily.com\/greek\/wp-json\/wp\/v2\/pages\/170\/revisions"}],"predecessor-version":[{"id":482,"href":"https:\/\/threesixteenfamily.com\/greek\/wp-json\/wp\/v2\/pages\/170\/revisions\/482"}],"wp:attachment":[{"href":"https:\/\/threesixteenfamily.com\/greek\/wp-json\/wp\/v2\/media?parent=170"}],"curies":[{"name":"wp","href":"https:\/\/api.w.org\/{rel}","templated":true}]}}